{"id":1549,"date":"2020-07-06T20:38:00","date_gmt":"2020-07-06T11:38:00","guid":{"rendered":"http:\/\/www.ndesrc.eng.iwate-u.ac.jp\/koba-yanagi\/?page_id=1549"},"modified":"2025-08-11T14:13:21","modified_gmt":"2025-08-11T05:13:21","slug":"publication","status":"publish","type":"page","link":"http:\/\/www.ndesrc.eng.iwate-u.ac.jp\/koba-yanagi\/publication\/","title":{"rendered":"\u767a\u8868\u8ad6\u6587"},"content":{"rendered":"\n<h2 class=\"wp-block-heading\">2025<\/h2>\n\n\n\n<ol id=\"block-080fd003-4df6-4eac-ba6d-a47692f6c07c\" class=\"wp-block-list\">\n<li>T. Imamura, T. Hirai,&nbsp;K. Oyanagi, R. Iguchi, K. Takamori, S. Kobayashi and K. Uchida,<br>\u201cNon-contact quantitative measurement of thermal Hall angle and transverse thermal conductivity by lock-In Thermography\u201d<br>Physical Review Applied&nbsp;<strong>23,<\/strong>&nbsp;024018 (2025).<br>DOI:<a href=\"https:\/\/doi.org\/10.1103\/PhysRevApplied.23.024018\">&nbsp;https:\/\/doi.org\/10.1103\/PhysRevApplied.23.024018<\/a><br>arXiv:&nbsp;<a href=\"https:\/\/arxiv.org\/abs\/2501.10485\">https:\/\/arxiv.org\/abs\/2501.10485<\/a><\/li>\n\n\n\n<li>K. Oyanagi, H. Sepehri-Amin, K. Takamori, T. Tadano, T. Imamura, R. Nagasawa, K. Mahalingam, T. Hirai, F. Ando, Y. Sakuraba, S. Kobayashi, and K. Uchida,<br>&#8220;Simultaneous achievement of large anomalous Nernst effect and reduced thermal conductivity in sintered polycrystalline topological Heusler ferromagnets\u201d<br>Acta Materialia <strong>296<\/strong>, 121239 (2025).<br>DOI:&nbsp;<a href=\"https:\/\/doi.org\/10.1016\/j.actamat.2025.121239\">https:\/\/doi.org\/10.1016\/j.actamat.2025.121239<\/a><br>arXiv:&nbsp;<a href=\"http:\/\/arxiv.org\/abs\/2501.09965\">http:\/\/arxiv.org\/abs\/2501.09965<\/a><\/li>\n\n\n\n<li>F. Makino, T. Hirai, T. Shiga, H. Suto, H. Fujihisa,\u00a0K. Oyanagi, S. Kobayashi, T. Sasaki, T. Yagi, K. Uchida, and Y Sakuraba,<br>\u201cStudy of magneto-thermal resistance effect in a Co<sub>50<\/sub>Fe<sub>50<\/sub>\/Cu multilayer through the analysis of electron and lattice thermal conductivities\u201d<br>Physical Review B\u00a0<strong>112<\/strong>, 054407 (2025).<br>DOI:\u00a0<a href=\"https:\/\/doi.org\/10.1103\/pd57-gcd5\" target=\"_blank\" rel=\"noreferrer noopener\">https:\/\/doi.org\/10.1103\/pd57-gcd5<br><\/a>arXiv:\u00a0<a href=\"https:\/\/arxiv.org\/abs\/2501.09965\">https:\/\/arxiv.org\/abs\/2505.09195<\/a><br><\/li>\n<\/ol>\n\n\n\n<h2 class=\"wp-block-heading\">2024<\/h2>\n\n\n\n<ol id=\"block-080fd003-4df6-4eac-ba6d-a47692f6c07c\" class=\"wp-block-list\">\n<li>S.&nbsp;Kobayashi,&nbsp;E.&nbsp;Nomura,&nbsp;C.&nbsp;Noda,&nbsp;J.&nbsp;Manjanna,&nbsp;N.&nbsp;Jargalan,&nbsp;E.&nbsp;Uyanga,&nbsp;I.&nbsp;Bobrikov,&nbsp;T.&nbsp;Kiseleva,&nbsp;V.&nbsp;Rusakov,&nbsp;D.&nbsp;Sangaa,<br>&#8220;Magnetization process of cubic Fe3O4 submicron particles: First-order reversal curves and neutron diffraction studies&#8221;<br>Journal of Magnetism and Magnetic Materials <strong>589<\/strong>, 171509 (2024).<\/li>\n\n\n\n<li>A.&nbsp;Kawamura,&nbsp;M.&nbsp;Saijyo,&nbsp;B.&nbsp;Bayarkhuu,&nbsp;N.&nbsp;Nishidate,&nbsp;I.&nbsp;Oikawa,&nbsp;S.&nbsp;Kobayashi,&nbsp;K. Oyanagi,&nbsp;Y.&nbsp;Shiba,&nbsp;T.&nbsp;Tsukamoto,&nbsp;Y.&nbsp;Oishi,&nbsp;and Y.&nbsp;Shibasaki&nbsp;<br>\u201cFabrication of hyperbranched-polyglycidol-Fe<sub>3<\/sub>O<sub>4<\/sub>&nbsp;nanocomposite labeled with fluorescein isothiocyanate via rapid ligand exchange reaction\u201d<br>Polymer&nbsp;<strong>294<\/strong>, 126724 (2024).<br>DOI:&nbsp;<a href=\"https:\/\/doi.org\/10.1016\/j.polymer.2024.126724Reference:%20JPOL%20126724\">https:\/\/doi.org\/10.1016\/j.polymer.2024.126724<\/a><\/li>\n\n\n\n<li>R. Modak, T. Hirai, Y. Sakuraba, S. Mitani, K. Oyanagi, T. Yamazaki, and T. Seki, K. Uchida,<br>\u201cHigh-Throughput Optimization of Magnetoresistance Materials Based on Lock-In Thermography\u201d<br>Advanced Physics Research <strong>3<\/strong>, 2400021 (2024).<br>DOI: <a href=\"https:\/\/doi.org\/10.1002\/apxr.202400021\">https:\/\/doi.org\/10.1002\/apxr.202400021<\/a><\/li>\n\n\n\n<li>Y. Yonekawa, K. Oikawa, B. Bayarkhuu, K. Kobayashi, N. Saito, I. Oikawa, R. Yamada, Y. Chen,&nbsp;K. Oyanagi, Y. Shibasaki, S. Kobayashi, and Y. Shiba,<br>\u201cMagnetic control of membrane damage in early endosomes using internalized magnetic nanoparticles\u201d<br>Cell Structure and Function, 24037 (2024).<br>DOI:&nbsp;<a href=\"https:\/\/doi.org\/10.1247\/csf.24037\">https:\/\/doi.org\/10.1247\/csf.24037<\/a><\/li>\n<\/ol>\n\n\n\n<h2 class=\"wp-block-heading\">2023<\/h2>\n\n\n\n<ol class=\"wp-block-list\">\n<li>S. Kobayashi, E. Nomura, M. chiba, Y. Kawamura, K. Ohishi, K. Hiroi, and J. Suzuki, <br>&#8220;Polarized neutron scattering study of hollow Fe<sub>3<\/sub>O<sub>4<\/sub> submicron spherical particles&#8221;<br>Journal of Magnetism and Magnetic Materials<strong> 569<\/strong>, 170410 (2023).<br>DOI: <a href=\"https:\/\/doi.org\/10.1016\/j.jmmm.2023.170410\"><\/a><a href=\"https:\/\/doi.org\/10.1016\/j.jmmm.2023.170410\">https:\/\/doi.org\/10.1016\/j.jmmm.2023.170410<\/a><\/li>\n\n\n\n<li>K. Oyanagi, S. Takahashi, T. Kikkawa, and E. Saitoh,<br>&#8220;Mechanism of paramagnetic spin Seebeck effect&#8221;<br>Physical Review B <strong>107<\/strong>, 014423 (2023).<br>DOI: <a href=\"https:\/\/doi.org\/10.1103\/PhysRevB.107.014423\">https:\/\/doi.org\/10.1103\/PhysRevB.107.014423<\/a><br>arXiv: <a href=\"https:\/\/arxiv.org\/abs\/2208.03857\">https:\/\/arxiv.org\/abs\/2208.03857<\/a><\/li>\n<\/ol>\n\n\n\n<h2 class=\"wp-block-heading\">2022<\/h2>\n\n\n\n<ol class=\"wp-block-list\">\n<li>E. Nomura, M. chiba, S. Matsuo, C. Noda, S. Kobayashi, J. Manjanna, Y. Kawamura, K. Ohishi, K. Hiroi, and J. Suzuki, <br>&#8220;Magnetization process of cubic Fe<sub>3<\/sub>O<sub>4<\/sub> sub micron particles studied by polarized small-angle neutron scattering&#8221;<br>AIP Advances <strong>12<\/strong>, 035034 (2022).<br>DOI: <a href=\"https:\/\/aip.scitation.org\/doi\/10.1063\/9.0000318\">https:\/\/aip.scitation.org\/doi\/10.1063\/9.0000318<\/a><\/li>\n\n\n\n<li>S. Daimon, K. Tsunekawa, S. Kawakami, T. Kikkawa, R. Ramos. K. Oyanagi, T. Ohtsuki, and E. Saitoh,<br>\u201cDeciphering quantum fingerprints in electric conductance\u201d<br>Nature Communications&nbsp;<strong>13<\/strong>, 3160 (2022).<br>DOI: <a href=\"https:\/\/doi.org\/10.1038\/s41467-022-30767-w\">https:\/\/doi.org\/10.1038\/s41467-022-30767-w<\/a><\/li>\n\n\n\n<li>R. Nagasawa, K. Oyanagi, T. Hirai, R. Modak, S. Kobayashi, and K. Uchida,&nbsp;<br>&#8220;Anomalous Ettingshausen effect in iron-carbon alloys&#8221;<br>Applied Physics Letters <strong>121<\/strong>, 062401 (2022). <br>arXiv: <a href=\"https:\/\/arxiv.org\/abs\/2206.07322\">https:\/\/arxiv.org\/abs\/2206.07322<\/a><\/li>\n\n\n\n<li>T. Kikkawa, K. Oyanagi, T. Hioki, M. Ishida, Z. Qiu, R. Ramos, Y. Hashimoto, and Eiji Saitoh,<br>\u201cComposition-tunable magnon-polaron anomalies in spin Seebeck effects in epitaxial Bi<sub>x<\/sub>Y<sub>3-x<\/sub>Fe<sub>5<\/sub>O<sub>12<\/sub>&nbsp;films\u201d<br>Physical Review Materials <strong>6<\/strong>, 104402 (2022).<br><em><span class=\"has-inline-color has-vivid-purple-color\">Selected as Editors&#8217; Suggestion<\/span><\/em><br>DOI: <a href=\"https:\/\/doi.org\/10.1103\/PhysRevMaterials.6.104402\">https:\/\/doi.org\/10.1103\/PhysRevMaterials.6.104402<\/a><br>arXiv:&nbsp;<a href=\"https:\/\/arxiv.org\/abs\/2210.03346\">https:\/\/arxiv.org\/abs\/2210.03346<\/a><\/li>\n<\/ol>\n\n\n\n<h2 class=\"wp-block-heading\">2021<\/h2>\n\n\n\n<ol class=\"wp-block-list\">\n<li>S. Kobayashi, S. Yamada,<br>&#8220;Monitoring the evolution of Fe<sub>3<\/sub>O<sub>4<\/sub> mesocrystal morphology using first-order reversal curves&#8221;<br>Journal of Magnetism and Magnetic Materials <strong>524<\/strong>, 167656 (2021).<br>DOI: <a href=\"https:\/\/doi.org\/10.1016\/j.jmmm.2020.167656\">https:\/\/doi.org\/10.1016\/j.jmmm.2020.167656<\/a><\/li>\n\n\n\n<li>S. Kobayashi, H. Murakami, T. Yamamoto, G.R. Odette, A. Horvath, A. Feoktystov, L. Almasy,<br>&#8220;Magnetic investigations on irradiation-induced nanoscale precipitation in reactor pressure vessel steels: A first-order reversal curve study&#8221;<br>Journal of Nuclear Materials <strong>552<\/strong>, 152973 (2021).<br>DOI: <a href=\"https:\/\/doi.org\/10.1016\/j.jnucmat.2021.152973\">https:\/\/doi.org\/10.1016\/j.jnucmat.2021.152973<\/a><\/li>\n\n\n\n<li>N. Hirano, S. Kobayashi, E. Nomura, M. Chiba, H. Kasai, Z. Akase, T. Akashi, A. Sugawara, H. Shinada,<br>&#8220;Magnetic vortex structure for hollow Fe<sub>3<\/sub>O<sub>4<\/sub> spherical submicron particles&#8221;<br>Applied Physics Letters <strong>119<\/strong>, 132401 (2021).<br>DOI: <a href=\"https:\/\/doi.org\/10.1063\/5.0060439\">https:\/\/doi.org\/10.1063\/5.0060439<\/a><\/li>\n\n\n\n<li>T. Kikkawa, D. Reitz, H. Ito, T. Makiuchi, T. Sugimoto, K. Tsunekawa, S. Daimon, K. Oyanagi, R. Ramos, S. Takahashi, Y. Shiomi, Y. Tserkovnyak, and E. Saitoh,<br>&#8220;Observation of nuclear-spin Seebeck effect&#8221;<br>Nature Communications <strong>12<\/strong>, 4356 (2021).<br>DOI: <a href=\"https:\/\/doi.org\/10.1038\/s41467-021-24623-6\">https:\/\/doi.org\/10.1038\/s41467-021-24623-6<\/a><br>\u30d7\u30ec\u30b9\u30ea\u30ea\u30fc\u30b9\u300c\u4e16\u754c\u521d\u306e\u6838\u306e\u81ea\u8ee2\u3092\u5229\u7528\u3057\u305f\u71b1\u767a\u96fb \uff0d \u71b1\u30a8\u30cd\u30eb\u30ae\u30fc\u5229\u7528\u6280\u8853\u30fb\u30b9\u30d4\u30f3\u30c8\u30ed\u30cb\u30af\u30b9\u306b\u65b0\u305f\u306a\u53ef\u80fd\u6027 \uff0d\u300d<br><a href=\"https:\/\/www.iwate-u.ac.jp\/cat-research\/2021\/07\/004262.html\">https:\/\/www.iwate-u.ac.jp\/cat-research\/2021\/07\/004262.html<\/a><\/li>\n\n\n\n<li>Y. Chen, M. Sato, Y. Tang, Y. Shiomi, K. Oyanagi, T. Masuda, Y. Nambu, M. Fujita, and E. Saitoh,<br>\u201cTriplon current generation in solids\u201d<br>Nature Communications <strong>12<\/strong>, 5199 (2021).<br>DOI: <a href=\"https:\/\/doi.org\/10.1038\/s41467-021-25494-7\">https:\/\/doi.org\/10.1038\/s41467-021-25494-7<\/a><br>\u30d7\u30ec\u30b9\u30ea\u30ea\u30fc\u30b9\u300c\u30c8\u30ea\u30d7\u30ed\u30f3\u304c\u30b9\u30d4\u30f3\u6d41\u3092\u4f1d\u642c\u3059\u308b\u3053\u3068\u3092\u5b9f\u8a3c\uff0d \u6975\u5c0f\u30b9\u30d4\u30f3\u56de\u8def\u306a\u3069\u3067\u306e\u6d3b\u7528\u306b\u671f\u5f85\u300d<br><a href=\"https:\/\/www.iwate-u.ac.jp\/cat-research\/2021\/08\/004331.html\">https:\/\/www.iwate-u.ac.jp\/cat-research\/2021\/08\/004331.html<\/a><\/li>\n\n\n\n<li>K. Oyanagi, J. M. Gomez-Perez, X.-P. Zhang, T. Kikkawa, Y. Chen, E. Sagasta, A. Chuvilin, L. E. Hueso, V. N. Golovach, F. S. Bergeret, F. Casanova, and E. Saitoh,<br>\u201cParamagnetic spin Hall magnetoresistance\u201d<br>Physical Review B&nbsp;<strong>104<\/strong>, 134428 (2021).<br>DOI: <a href=\"https:\/\/doi.org\/10.1103\/PhysRevB.104.134428\">https:\/\/doi.org\/10.1103\/PhysRevB.104.134428<\/a><br>arXiv:&nbsp;<a href=\"https:\/\/arxiv.org\/abs\/2008.02446\">https:\/\/arxiv.org\/abs\/2008.02446<\/a><\/li>\n<\/ol>\n\n\n\n<h2 class=\"wp-block-heading\">2020<\/h2>\n\n\n\n<ol class=\"wp-block-list\">\n<li>S. Kobayashi, S. Yamaya,<br>\u201cMonitoring the evolution of Fe3O4 mesocrystal morphology using first-order reversal curves\u201d<br>Journal of Magnetism and Magnetic Materials, 524, 167656 (2021).<\/li>\n\n\n\n<li>R. Ramos, T. Makiuchi, T. Kikkawa, S. Daimon, K. Oyanagi and E. Saitoh,<br>\u201cObservation of quantum interference conductance fluctuations in metal rings with strong spin\u2013orbit coupling\u201d<br>Applied Physics Letters&nbsp;117<strong>,<\/strong>&nbsp;242402 (2020).<\/li>\n\n\n\n<li>M. Chiba, S. Kobayashi, K. Noguchi, T. Murakami, J. Szpunar and J. Manjanna,<br>&#8220;Magnetic vortex formation in hollow Fe3O4 submicron particles studied using first-order reversal curves&#8221;,<br>Journal of Magnetism and Magnetic Materials, 512, 167012 (2020).<\/li>\n\n\n\n<li>&nbsp;J. Manjanna, A. Kabadagi, S. Chikkamath and S. Kobayashi,<br>&#8220;Organo-modified Fe-montmorillonite as Solid Acid Catalysts for Reduction of Nitro arenes and Biginelli reactions&#8221;,<br>&nbsp;Applied Clay Science, 189, 105518 (2020).<\/li>\n\n\n\n<li>&nbsp;S. Kobayashi, H. Murakami, A. Horvath, L. Almasy, F. Gillemot and A. Feoktystov,<br>&#8220;Effects of neutron irradiation on magnetic first-order reversal curves in reactor pressure vessel steels&#8221;,<br>&nbsp;AIP Advances, 10, 015221(2020).<\/li>\n<\/ol>\n\n\n\n<h2 class=\"wp-block-heading\">2019<\/h2>\n\n\n\n<ol class=\"wp-block-list\">\n<li>S. Kobayashi, R. Kawagoe, H. Murakami, K. Ohishi, Y. Kawamura, J. Suzuki,<br>&#8220;Thermal aging effects on magnetization reversals in a pre-deformed Fe-1wt%Cu alloy studied via first-order reversal curves&#8221;,<br>Philosophical Magazine Letters, 99, 217-225 (2019).<\/li>\n\n\n\n<li>C. Bal\u00e1zsi, H.R. Ben Zine, M. Furko, Z. Czig\u00e1ny, L. Alm\u00e1sy, H. Murakami, G. G\u00f6ller, O. Yucel, F.C. Sahin, K. Bal\u00e1zsi, S. Kobayashi, \u00c1. Horv\u00e1th,<br>&#8220;Microstructural and magnetic characteristics of ceramic dispersion strengthened sintered stainless steels after thermal ageing&#8221;,<br>Fusion Engineering and Design, 145, 46-53 (2019).&nbsp;<\/li>\n\n\n\n<li>M. Chiba, S. Kobayashi, T. Murakami, J. Manjanna, J. Szpunar,<br>&#8220;Temperature dependence of magnetic first-order-reversal-curves for hollow Fe3O4 submicron particles&#8221;,<br>AIP Advances, 9, 035235 (2019).<\/li>\n\n\n\n<li>&nbsp;H. Taniguchi, H. Takahashi, A. Terui, S. Kobayashi, M. Matsukawa, R. Suryanarayanan,<br>&#8220;Electron-Doping Effect on the Magnetic-Field-Sensitive Dielectric Anomaly in CaMn1-xSbxO3&#8221;,<br>IEEE Transactions on Magnetics, 55, 1000104 (2019).<\/li>\n<\/ol>\n\n\n\n<p><\/p>\n","protected":false},"excerpt":{"rendered":"<p>2025 2024 2023 2022 2021 2020  &#8230;<\/p>\n","protected":false},"author":4,"featured_media":0,"parent":0,"menu_order":0,"comment_status":"closed","ping_status":"closed","template":"","meta":{"footnotes":""},"class_list":["post-1549","page","type-page","status-publish","hentry"],"_links":{"self":[{"href":"http:\/\/www.ndesrc.eng.iwate-u.ac.jp\/koba-yanagi\/wp-json\/wp\/v2\/pages\/1549","targetHints":{"allow":["GET"]}}],"collection":[{"href":"http:\/\/www.ndesrc.eng.iwate-u.ac.jp\/koba-yanagi\/wp-json\/wp\/v2\/pages"}],"about":[{"href":"http:\/\/www.ndesrc.eng.iwate-u.ac.jp\/koba-yanagi\/wp-json\/wp\/v2\/types\/page"}],"author":[{"embeddable":true,"href":"http:\/\/www.ndesrc.eng.iwate-u.ac.jp\/koba-yanagi\/wp-json\/wp\/v2\/users\/4"}],"replies":[{"embeddable":true,"href":"http:\/\/www.ndesrc.eng.iwate-u.ac.jp\/koba-yanagi\/wp-json\/wp\/v2\/comments?post=1549"}],"version-history":[{"count":33,"href":"http:\/\/www.ndesrc.eng.iwate-u.ac.jp\/koba-yanagi\/wp-json\/wp\/v2\/pages\/1549\/revisions"}],"predecessor-version":[{"id":2743,"href":"http:\/\/www.ndesrc.eng.iwate-u.ac.jp\/koba-yanagi\/wp-json\/wp\/v2\/pages\/1549\/revisions\/2743"}],"wp:attachment":[{"href":"http:\/\/www.ndesrc.eng.iwate-u.ac.jp\/koba-yanagi\/wp-json\/wp\/v2\/media?parent=1549"}],"curies":[{"name":"wp","href":"https:\/\/api.w.org\/{rel}","templated":true}]}}